{"id":8,"date":"2024-10-03T08:09:17","date_gmt":"2024-10-03T06:09:17","guid":{"rendered":"https:\/\/mibixmoldes.com\/?page_id=8"},"modified":"2024-10-03T12:49:24","modified_gmt":"2024-10-03T10:49:24","slug":"inicio","status":"publish","type":"page","link":"https:\/\/mibixmoldes.com\/","title":{"rendered":"Inicio"},"content":{"rendered":"\t\t<div data-elementor-type=\"wp-page\" data-elementor-id=\"8\" class=\"elementor elementor-8\">\n\t\t\t\t<div class=\"elementor-element elementor-element-2dad08a e-flex e-con-boxed e-con e-parent\" data-id=\"2dad08a\" data-element_type=\"container\" data-settings=\"{&quot;background_background&quot;:&quot;classic&quot;}\">\n\t\t\t\t\t<div class=\"e-con-inner\">\n\t\t\t\t<div class=\"elementor-element elementor-element-243a24e elementor-widget elementor-widget-heading\" data-id=\"243a24e\" data-element_type=\"widget\" data-widget_type=\"heading.default\">\n\t\t\t\t<div class=\"elementor-widget-container\">\n\t\t\t<p class=\"elementor-heading-title elementor-size-default\">P\u00e1gina web en construcci\u00f3n<\/p>\t\t<\/div>\n\t\t\t\t<\/div>\n\t\t\t\t<div class=\"elementor-element elementor-element-5ea2985 elementor-widget elementor-widget-image\" data-id=\"5ea2985\" data-element_type=\"widget\" data-widget_type=\"image.default\">\n\t\t\t\t<div class=\"elementor-widget-container\">\n\t\t\t\t\t\t\t\t\t\t\t\t\t<img fetchpriority=\"high\" decoding=\"async\" width=\"1024\" height=\"634\" src=\"https:\/\/mibixmoldes.com\/wp-content\/uploads\/2024\/10\/mibix-logo-1024x634.png\" class=\"attachment-large size-large wp-image-12\" alt=\"\" srcset=\"https:\/\/mibixmoldes.com\/wp-content\/uploads\/2024\/10\/mibix-logo-1024x634.png 1024w, https:\/\/mibixmoldes.com\/wp-content\/uploads\/2024\/10\/mibix-logo-300x186.png 300w, https:\/\/mibixmoldes.com\/wp-content\/uploads\/2024\/10\/mibix-logo-768x475.png 768w, https:\/\/mibixmoldes.com\/wp-content\/uploads\/2024\/10\/mibix-logo-1536x950.png 1536w, https:\/\/mibixmoldes.com\/wp-content\/uploads\/2024\/10\/mibix-logo.png 1920w\" sizes=\"(max-width: 1024px) 100vw, 1024px\" \/>\t\t\t\t\t\t\t\t\t\t\t\t\t<\/div>\n\t\t\t\t<\/div>\n\t\t\t\t<div class=\"elementor-element elementor-element-26ad1a9 elementor-widget elementor-widget-heading\" data-id=\"26ad1a9\" data-element_type=\"widget\" data-widget_type=\"heading.default\">\n\t\t\t\t<div class=\"elementor-widget-container\">\n\t\t\t<h1 class=\"elementor-heading-title elementor-size-default\">Empresa de construcci\u00f3n de Moldes<\/h1>\t\t<\/div>\n\t\t\t\t<\/div>\n\t\t\t\t<div class=\"elementor-element elementor-element-d535be8 elementor-widget elementor-widget-text-editor\" data-id=\"d535be8\" data-element_type=\"widget\" data-widget_type=\"text-editor.default\">\n\t\t\t\t<div class=\"elementor-widget-container\">\n\t\t\t\t\t\t\t<p><strong>Contacta con nosotros en:<\/strong><br \/><strong>mibixmoldes@gmail.com o en 616 808 856 &#8211; 653 474 480<\/strong><\/p>\t\t\t\t\t\t<\/div>\n\t\t\t\t<\/div>\n\t\t\t\t<div class=\"elementor-element elementor-element-3e79d3a elementor-widget elementor-widget-google_maps\" data-id=\"3e79d3a\" data-element_type=\"widget\" data-widget_type=\"google_maps.default\">\n\t\t\t\t<div class=\"elementor-widget-container\">\n\t\t\t\t\t<div class=\"elementor-custom-embed\">\n\t\t\t<iframe loading=\"lazy\"\n\t\t\t\t\tsrc=\"https:\/\/maps.google.com\/maps?q=Calle%20ausias%20marcha%2010%2C%20Ibi&#038;t=m&#038;z=16&#038;output=embed&#038;iwloc=near\"\n\t\t\t\t\ttitle=\"Calle ausias marcha 10, Ibi\"\n\t\t\t\t\taria-label=\"Calle ausias marcha 10, Ibi\"\n\t\t\t><\/iframe>\n\t\t<\/div>\n\t\t\t\t<\/div>\n\t\t\t\t<\/div>\n\t\t\t\t<div class=\"elementor-element elementor-element-f98ce1e elementor-widget elementor-widget-text-editor\" data-id=\"f98ce1e\" data-element_type=\"widget\" data-widget_type=\"text-editor.default\">\n\t\t\t\t<div class=\"elementor-widget-container\">\n\t\t\t\t\t\t\t<p>MIBIX MOLDES, S.L. ha recibido una ayuda por importe de 30.180,00 euros con n\u00famero de expediente INPYME\/2024\/24 para el desarrollo del proyecto titulado \u201cMODERNIZACI\u00d3N DEL PROCESO DE MECANIZADO DE MOLDES MET\u00c1LICOS\u201d, para la adquisici\u00f3n de equipos productivos en el marco de la convocatoria para el ejercicio 2024, de subvenciones para apoyar las inversiones productivas realizada por las pymes de diversos sectores industriales de la Comunitat Valenciana. INPYME 2024.<\/p><p>Subvencionado por:<\/p>\t\t\t\t\t\t<\/div>\n\t\t\t\t<\/div>\n\t\t<div class=\"elementor-element elementor-element-83bde1d e-grid e-con-full e-con e-child\" data-id=\"83bde1d\" data-element_type=\"container\">\n\t\t\t\t<div class=\"elementor-element elementor-element-075e6b1 elementor-widget elementor-widget-image\" data-id=\"075e6b1\" data-element_type=\"widget\" data-widget_type=\"image.default\">\n\t\t\t\t<div class=\"elementor-widget-container\">\n\t\t\t\t\t\t\t\t\t\t\t\t\t<img decoding=\"async\" width=\"487\" height=\"278\" src=\"https:\/\/mibixmoldes.com\/wp-content\/uploads\/2024\/10\/cv.jpg\" class=\"attachment-large size-large wp-image-21\" alt=\"\" srcset=\"https:\/\/mibixmoldes.com\/wp-content\/uploads\/2024\/10\/cv.jpg 487w, https:\/\/mibixmoldes.com\/wp-content\/uploads\/2024\/10\/cv-300x171.jpg 300w\" sizes=\"(max-width: 487px) 100vw, 487px\" \/>\t\t\t\t\t\t\t\t\t\t\t\t\t<\/div>\n\t\t\t\t<\/div>\n\t\t\t\t<\/div>\n\t\t\t\t\t<\/div>\n\t\t\t\t<\/div>\n\t\t\t\t<\/div>\n\t\t","protected":false},"excerpt":{"rendered":"<p>P\u00e1gina web en construcci\u00f3n Empresa de construcci\u00f3n de Moldes Contacta con nosotros en:mibixmoldes@gmail.com o en 616 808 856 &#8211; 653 474 480 MIBIX MOLDES, S.L. ha recibido una ayuda por importe de 30.180,00 euros con n\u00famero de expediente INPYME\/2024\/24 para el desarrollo del proyecto titulado \u201cMODERNIZACI\u00d3N DEL PROCESO DE MECANIZADO DE MOLDES MET\u00c1LICOS\u201d, para la [&hellip;]<\/p>\n","protected":false},"author":1,"featured_media":0,"parent":0,"menu_order":0,"comment_status":"closed","ping_status":"closed","template":"elementor_canvas","meta":{"footnotes":""},"class_list":["post-8","page","type-page","status-publish","hentry"],"_links":{"self":[{"href":"https:\/\/mibixmoldes.com\/index.php?rest_route=\/wp\/v2\/pages\/8","targetHints":{"allow":["GET"]}}],"collection":[{"href":"https:\/\/mibixmoldes.com\/index.php?rest_route=\/wp\/v2\/pages"}],"about":[{"href":"https:\/\/mibixmoldes.com\/index.php?rest_route=\/wp\/v2\/types\/page"}],"author":[{"embeddable":true,"href":"https:\/\/mibixmoldes.com\/index.php?rest_route=\/wp\/v2\/users\/1"}],"replies":[{"embeddable":true,"href":"https:\/\/mibixmoldes.com\/index.php?rest_route=%2Fwp%2Fv2%2Fcomments&post=8"}],"version-history":[{"count":10,"href":"https:\/\/mibixmoldes.com\/index.php?rest_route=\/wp\/v2\/pages\/8\/revisions"}],"predecessor-version":[{"id":24,"href":"https:\/\/mibixmoldes.com\/index.php?rest_route=\/wp\/v2\/pages\/8\/revisions\/24"}],"wp:attachment":[{"href":"https:\/\/mibixmoldes.com\/index.php?rest_route=%2Fwp%2Fv2%2Fmedia&parent=8"}],"curies":[{"name":"wp","href":"https:\/\/api.w.org\/{rel}","templated":true}]}}